{"id":695,"date":"2025-10-22T08:04:10","date_gmt":"2025-10-22T08:04:10","guid":{"rendered":"https:\/\/awasi.com\/atacama\/?page_id=1180"},"modified":"2026-03-26T21:07:46","modified_gmt":"2026-03-26T21:07:46","slug":"dining","status":"publish","type":"page","link":"https:\/\/awasi.com\/santa-catarina\/dining\/","title":{"rendered":"Dining"},"content":{"rendered":"\n<div class=\"awa-horizontal-carousel align wp-block-awa-horizontal-carousel\" id=\"block_43f18fa2125715924d5894d9930584b9\">\n\t<div class=\"awa-horizontal-carousel__inner\">\n\t\t\n\n<section class=\"awa-text-image awa-text-image--has-50-50-width-disposition awa-text-image--layout-media awa-text-image--has-center-vertical-align awa-text-image--has-x-large-heading-size awa-text-image--has-primary-media-on-right awa-text-image--has-secondary-media-on-bottom-left awa-text-image--has-default-display-mode align wp-block-awa-text-image\" id=\"block_26eca0812cd3eb7442d1004182c9e4ed\">\n\t<div class=\"awa-text-image__inner\">\n\t\t<div class=\"awa-text-image__content\">\n\t\t\t<div class=\"awa-text-image__content-text\">\n\t\t\t\t\n\t\t\t\t\t\t\t\t<h2 class=\"awa-text-image__heading\">\n\t\t\t\t\tTastes of Brazil\t\t\t\t<\/h2>\n\t\t\t\t\n\n\t\t\t\t\n\t\t\t\t\t\t\t\t<div class=\"awa-text-image__text is-text\">\n\t\t\t\t\t<div class=\"intropanel__text\">\n<div class=\"intropanel__description\">\n<div class=\"intropanel__text\">\n<div class=\"intropanel__description\">\n<div class=\"intropanel__text\">\n<div class=\"intropanel__description\">Join us for a culinary journey through Brazil, where traditional flavors blend with contemporary flair. Discover a menu that celebrates Brazil\u2019s rich gastronomic culture, designed to satisfy every palate.<\/div>\n<\/div>\n<\/div>\n<\/div>\n<\/div>\n<\/div>\n\t\t\t\t<\/div>\n\t\t\t\t\t\n\t\t\t\t\n\t\t\t\t\n\t\t\t\t\t\t\t<\/div>\n\n\t\t\t\n\t\t<\/div>\n\t\t\t\t<div class=\"awa-text-image__media awa-text-image__media--primary\">\n\t\t\t\t\t\t<img loading=\"lazy\" decoding=\"async\" width=\"1080\" height=\"1620\" src=\"https:\/\/awasi.com\/wp-content\/uploads\/2025\/12\/AWASI-SANTA-CATARINA-156.jpg\" class=\"awa-text-image__image awa-text-image__image--primary\" alt=\"Grilled octopus with lemon, vegetables, and herbs served on a plate at an outdoor seaside table in warm sunlight.\" srcset=\"https:\/\/awasi.com\/wp-content\/uploads\/2025\/12\/AWASI-SANTA-CATARINA-156.jpg 1080w, https:\/\/awasi.com\/wp-content\/uploads\/2025\/12\/AWASI-SANTA-CATARINA-156-200x300.jpg 200w, https:\/\/awasi.com\/wp-content\/uploads\/2025\/12\/AWASI-SANTA-CATARINA-156-683x1024.jpg 683w, https:\/\/awasi.com\/wp-content\/uploads\/2025\/12\/AWASI-SANTA-CATARINA-156-768x1152.jpg 768w, https:\/\/awasi.com\/wp-content\/uploads\/2025\/12\/AWASI-SANTA-CATARINA-156-1024x1536.jpg 1024w\" sizes=\"auto, (max-width: 1080px) 100vw, 1080px\" \/>\t\t<\/div>\n\t\t\t<\/div>\n<\/section>\n\n\n<section class=\"awa-media-layout awa-media-layout--mosaic-type align wp-block-awa-media-layout\" id=\"block_8beebbfd2efc9cc6439a77c9d793d46d\">\n\t<div class=\"awa-media-layout__inner\">\n\t\t<div class=\"awa-media-layout__media-list awa-media-layout__media-list--mosaic-type\">\n\t\t\t\t\t\t<div class=\"awa-media-layout__media-item\">\n\t\t\t\t\t\t\t\t<img loading=\"lazy\" decoding=\"async\" width=\"1080\" height=\"1620\" src=\"https:\/\/awasi.com\/wp-content\/uploads\/2025\/12\/PDG-FOTOS-ALTA-17.jpg\" class=\"awa-media-layout__media-item-media awa-media-layout__media-item-media--image\" alt=\"Plate of sliced tropical fruit with edible flowers beside folded linen napkin and forks on a wooden table.\" srcset=\"https:\/\/awasi.com\/wp-content\/uploads\/2025\/12\/PDG-FOTOS-ALTA-17.jpg 1080w, https:\/\/awasi.com\/wp-content\/uploads\/2025\/12\/PDG-FOTOS-ALTA-17-200x300.jpg 200w, https:\/\/awasi.com\/wp-content\/uploads\/2025\/12\/PDG-FOTOS-ALTA-17-683x1024.jpg 683w, https:\/\/awasi.com\/wp-content\/uploads\/2025\/12\/PDG-FOTOS-ALTA-17-768x1152.jpg 768w, https:\/\/awasi.com\/wp-content\/uploads\/2025\/12\/PDG-FOTOS-ALTA-17-1024x1536.jpg 1024w\" sizes=\"auto, (max-width: 1080px) 100vw, 1080px\" \/>\t\t\t<\/div>\n\t\t\t\t\t\t\t<div class=\"awa-media-layout__media-item\">\n\t\t\t\t\t\t\t\t<img loading=\"lazy\" decoding=\"async\" width=\"1620\" height=\"1080\" src=\"https:\/\/awasi.com\/wp-content\/uploads\/2025\/12\/PDG_GASTRONOMIA-2.jpg\" class=\"awa-media-layout__media-item-media awa-media-layout__media-item-media--image\" alt=\"Breakfast spread with smoked salmon eggs Benedict, fresh bread, orange juice, coffee, and small bowls of condiments on a wooden table.\" srcset=\"https:\/\/awasi.com\/wp-content\/uploads\/2025\/12\/PDG_GASTRONOMIA-2.jpg 1620w, https:\/\/awasi.com\/wp-content\/uploads\/2025\/12\/PDG_GASTRONOMIA-2-300x200.jpg 300w, https:\/\/awasi.com\/wp-content\/uploads\/2025\/12\/PDG_GASTRONOMIA-2-1024x683.jpg 1024w, https:\/\/awasi.com\/wp-content\/uploads\/2025\/12\/PDG_GASTRONOMIA-2-768x512.jpg 768w, https:\/\/awasi.com\/wp-content\/uploads\/2025\/12\/PDG_GASTRONOMIA-2-1536x1024.jpg 1536w\" sizes=\"auto, (max-width: 1620px) 100vw, 1620px\" \/>\t\t\t<\/div>\n\t\t\t\t\t\t\t<div class=\"awa-media-layout__media-item\">\n\t\t\t\t\t\t\t\t<img loading=\"lazy\" decoding=\"async\" width=\"1080\" height=\"1620\" src=\"https:\/\/awasi.com\/wp-content\/uploads\/2025\/12\/PDG-EDITADAS-70.jpg\" class=\"awa-media-layout__media-item-media awa-media-layout__media-item-media--image\" alt=\"Open-air dining terrace framed by greenery, overlooking calm water and a rocky, tree-covered island.\" srcset=\"https:\/\/awasi.com\/wp-content\/uploads\/2025\/12\/PDG-EDITADAS-70.jpg 1080w, https:\/\/awasi.com\/wp-content\/uploads\/2025\/12\/PDG-EDITADAS-70-200x300.jpg 200w, https:\/\/awasi.com\/wp-content\/uploads\/2025\/12\/PDG-EDITADAS-70-683x1024.jpg 683w, https:\/\/awasi.com\/wp-content\/uploads\/2025\/12\/PDG-EDITADAS-70-768x1152.jpg 768w, https:\/\/awasi.com\/wp-content\/uploads\/2025\/12\/PDG-EDITADAS-70-1024x1536.jpg 1024w\" sizes=\"auto, (max-width: 1080px) 100vw, 1080px\" \/>\t\t\t<\/div>\n\t\t\t\t\t\t<\/div>\n\t<\/div>\n<\/section>\n\n\n\n<div class=\"awa-image awa-image--landscape-type align wp-block-awa-image\" id=\"block_5e7b003dc03dc838b6d7dd4ff0a233c4\">\n\t<div class=\"awa-image__inner\">\n\t\t\t\t<div class=\"awa-image__media\">\n\t\t\t<img loading=\"lazy\" decoding=\"async\" width=\"1620\" height=\"1080\" src=\"https:\/\/awasi.com\/wp-content\/uploads\/2025\/12\/RESTAURANTE-4.jpg\" class=\"awa-image__image\" alt=\"Elegant candlelit dining room with long tables set for dinner, white linens, glassware, flowers, and warm ambient lighting.\" srcset=\"https:\/\/awasi.com\/wp-content\/uploads\/2025\/12\/RESTAURANTE-4.jpg 1620w, https:\/\/awasi.com\/wp-content\/uploads\/2025\/12\/RESTAURANTE-4-300x200.jpg 300w, https:\/\/awasi.com\/wp-content\/uploads\/2025\/12\/RESTAURANTE-4-1024x683.jpg 1024w, https:\/\/awasi.com\/wp-content\/uploads\/2025\/12\/RESTAURANTE-4-768x512.jpg 768w, https:\/\/awasi.com\/wp-content\/uploads\/2025\/12\/RESTAURANTE-4-1536x1024.jpg 1536w\" sizes=\"auto, (max-width: 1620px) 100vw, 1620px\" \/>\t\t\t\t\t<\/div>\n\t<\/div>\n<\/div>\n\n\n\n<section class=\"awa-text-image awa-text-image--has-50-50-width-disposition awa-text-image--layout-media awa-text-image--has-center-vertical-align awa-text-image--has-default-heading-size awa-text-image--has-primary-media-on-right awa-text-image--has-secondary-media-on-bottom-left awa-text-image--has-default-display-mode align wp-block-awa-text-image\" id=\"block_51f2734dcb794f90e0036f7be490c69f\">\n\t<div class=\"awa-text-image__inner\">\n\t\t<div class=\"awa-text-image__content\">\n\t\t\t<div class=\"awa-text-image__content-text\">\n\t\t\t\t\n\t\t\t\t\t\t\t\t<h2 class=\"awa-text-image__heading\">\n\t\t\t\t\tAwasi\u2019s Chefs Showcase the Best Local Flavors and Ingredients\t\t\t\t<\/h2>\n\t\t\t\t\n\n\t\t\t\t\n\t\t\t\t\t\t\t\t<div class=\"awa-text-image__text is-text\">\n\t\t\t\t\t<div class=\"restaurant-panel\">\n<div class=\"restaurant-panel__content\">\n<div class=\"restaurant-panel__description\">\n<div class=\"restaurant-panel\">\n<div class=\"restaurant-panel__content\">\n<div class=\"restaurant-panel__description\">\n<p>With seasonal menus inspired by the region&#8217;s ingredients and the rhythm of nature, Awasi Santa Catarina&#8217;s cuisine offers a fusion of local flavors and international techniques. Signature dishes are served in spaces that enhance the surroundings \u2013 whether in the main restaurant, on the beach, or on the private island.<\/p>\n<\/div>\n<\/div>\n<\/div>\n<div class=\"intropanel two-columns\">\n<div class=\"intropanel__text\">\n<div><\/div>\n<\/div>\n<\/div>\n<\/div>\n<\/div>\n<\/div>\n\t\t\t\t<\/div>\n\t\t\t\t\t\n\t\t\t\t\n\t\t\t\t\n\t\t\t\t\t\t\t<\/div>\n\n\t\t\t\n\t\t<\/div>\n\t\t\t\t<div class=\"awa-text-image__media awa-text-image__media--primary\">\n\t\t\t\t\t\t<img loading=\"lazy\" decoding=\"async\" width=\"1620\" height=\"1080\" src=\"https:\/\/awasi.com\/wp-content\/uploads\/2025\/12\/PDG_JANTAR_NA_ILHA.jpg\" class=\"awa-text-image__image awa-text-image__image--primary\" alt=\"Romantic open-air dining room with candlelit table, thatched roof, and lush tropical beach view.\" srcset=\"https:\/\/awasi.com\/wp-content\/uploads\/2025\/12\/PDG_JANTAR_NA_ILHA.jpg 1620w, https:\/\/awasi.com\/wp-content\/uploads\/2025\/12\/PDG_JANTAR_NA_ILHA-300x200.jpg 300w, https:\/\/awasi.com\/wp-content\/uploads\/2025\/12\/PDG_JANTAR_NA_ILHA-1024x683.jpg 1024w, https:\/\/awasi.com\/wp-content\/uploads\/2025\/12\/PDG_JANTAR_NA_ILHA-768x512.jpg 768w, https:\/\/awasi.com\/wp-content\/uploads\/2025\/12\/PDG_JANTAR_NA_ILHA-1536x1024.jpg 1536w\" sizes=\"auto, (max-width: 1620px) 100vw, 1620px\" \/>\t\t<\/div>\n\t\t\t<\/div>\n<\/section>\n\n\n\n<section class=\"awa-text-image awa-text-image--has-50-50-width-disposition awa-text-image--layout-media awa-text-image--has-center-vertical-align awa-text-image--has-huge-heading-size awa-text-image--has-primary-media-on-right awa-text-image--has-secondary-media-on-bottom-left awa-text-image--has-default-display-mode align wp-block-awa-text-image\" id=\"block_69f3c595f3e21e22df3c2a44e3cc1e69\">\n\t<div class=\"awa-text-image__inner\">\n\t\t<div class=\"awa-text-image__content\">\n\t\t\t<div class=\"awa-text-image__content-text\">\n\t\t\t\t\n\t\t\t\t\t\t\t\t<h2 class=\"awa-text-image__heading\">\n\t\t\t\t\tDaniela Damasceno\t\t\t\t<\/h2>\n\t\t\t\t\n\n\t\t\t\t\t\t\t\t<div class=\"awa-text-image__subheading\">\n\t\t\t\t\tAwasi Santa Catarina &#8211; Chef\t\t\t\t<\/div>\n\t\t\t\t\t\n\t\t\t\t\t\t\t\t<div class=\"awa-text-image__text is-text\">\n\t\t\t\t\t<div class=\"intropanel__text\">\n<div class=\"intropanel__description\">\n<div class=\"intropanel__text\">\n<div class=\"intropanel__description\">Born in Cascavel, Paran\u00e1, Dani graduated in gastronomy and started at Ponta dos Ganchos as a kitchen assistant. A decade later, she became chef at the hotel. She lived in France, where she worked at the starred Les Pr\u00e9s d&#8217;Eug\u00e9nie, by chef Michel Gu\u00e9rard, in addition to studying in San Sebasti\u00e1n, Spain, and in the Bologna region, Italy.<\/div>\n<\/div>\n<\/div>\n<\/div>\n\t\t\t\t<\/div>\n\t\t\t\t\t\n\t\t\t\t\n\t\t\t\t\n\t\t\t\t\t\t\t<\/div>\n\n\t\t\t\n\t\t<\/div>\n\t\t\t\t<div class=\"awa-text-image__media awa-text-image__media--primary\">\n\t\t\t\t\t\t<img loading=\"lazy\" decoding=\"async\" width=\"1707\" height=\"2560\" src=\"https:\/\/awasi.com\/wp-content\/uploads\/2026\/03\/DANI-2-1-scaled.jpg\" class=\"awa-text-image__image awa-text-image__image--primary\" alt=\"\" srcset=\"https:\/\/awasi.com\/wp-content\/uploads\/2026\/03\/DANI-2-1-scaled.jpg 1707w, https:\/\/awasi.com\/wp-content\/uploads\/2026\/03\/DANI-2-1-200x300.jpg 200w, https:\/\/awasi.com\/wp-content\/uploads\/2026\/03\/DANI-2-1-683x1024.jpg 683w, https:\/\/awasi.com\/wp-content\/uploads\/2026\/03\/DANI-2-1-768x1152.jpg 768w, https:\/\/awasi.com\/wp-content\/uploads\/2026\/03\/DANI-2-1-1024x1536.jpg 1024w, https:\/\/awasi.com\/wp-content\/uploads\/2026\/03\/DANI-2-1-1365x2048.jpg 1365w\" sizes=\"auto, (max-width: 1707px) 100vw, 1707px\" \/>\t\t<\/div>\n\t\t\t<\/div>\n<\/section>\n\n\n<section class=\"awa-media-layout awa-media-layout--columns-type align wp-block-awa-media-layout\" id=\"block_cde18fe1e08e8185ab0392717d34f5a4\">\n\t<div class=\"awa-media-layout__inner\">\n\t\t<div class=\"awa-media-layout__media-list awa-media-layout__media-list--columns-type\">\n\t\t\t\t\t\t<div class=\"awa-media-layout__media-item\">\n\t\t\t\t\t\t\t\t<img loading=\"lazy\" decoding=\"async\" width=\"1080\" height=\"1920\" src=\"https:\/\/awasi.com\/wp-content\/uploads\/2025\/12\/fotos-14.jpg\" class=\"awa-media-layout__media-item-media awa-media-layout__media-item-media--image\" alt=\"Intimate restaurant table with white linens, glassware, and window-side seating overlooking lush greenery.\" srcset=\"https:\/\/awasi.com\/wp-content\/uploads\/2025\/12\/fotos-14.jpg 1080w, https:\/\/awasi.com\/wp-content\/uploads\/2025\/12\/fotos-14-169x300.jpg 169w, https:\/\/awasi.com\/wp-content\/uploads\/2025\/12\/fotos-14-576x1024.jpg 576w, https:\/\/awasi.com\/wp-content\/uploads\/2025\/12\/fotos-14-768x1365.jpg 768w, https:\/\/awasi.com\/wp-content\/uploads\/2025\/12\/fotos-14-864x1536.jpg 864w\" sizes=\"auto, (max-width: 1080px) 100vw, 1080px\" \/>\t\t\t<\/div>\n\t\t\t\t\t\t\t<div class=\"awa-media-layout__media-item\">\n\t\t\t\t\t\t\t\t<img loading=\"lazy\" decoding=\"async\" width=\"1080\" height=\"1620\" src=\"https:\/\/awasi.com\/wp-content\/uploads\/2025\/12\/Foto-66.jpg\" class=\"awa-media-layout__media-item-media awa-media-layout__media-item-media--image\" alt=\"Outdoor restaurant terrace with wooden tables and chairs overlooking the ocean, framed by tropical greenery.\" srcset=\"https:\/\/awasi.com\/wp-content\/uploads\/2025\/12\/Foto-66.jpg 1080w, https:\/\/awasi.com\/wp-content\/uploads\/2025\/12\/Foto-66-200x300.jpg 200w, https:\/\/awasi.com\/wp-content\/uploads\/2025\/12\/Foto-66-683x1024.jpg 683w, https:\/\/awasi.com\/wp-content\/uploads\/2025\/12\/Foto-66-768x1152.jpg 768w, https:\/\/awasi.com\/wp-content\/uploads\/2025\/12\/Foto-66-1024x1536.jpg 1024w\" sizes=\"auto, (max-width: 1080px) 100vw, 1080px\" \/>\t\t\t<\/div>\n\t\t\t\t\t\t\t<div class=\"awa-media-layout__media-item\">\n\t\t\t\t\t\t\t\t<img loading=\"lazy\" decoding=\"async\" width=\"1080\" height=\"1620\" src=\"https:\/\/awasi.com\/wp-content\/uploads\/2025\/12\/AWASI-SANTA-CATARINA-145.jpg\" class=\"awa-media-layout__media-item-media awa-media-layout__media-item-media--image\" alt=\"Grilled seafood platter with shrimp, fish, potatoes, vegetables, and lemon, with olive oil bottles blurred in background.\" srcset=\"https:\/\/awasi.com\/wp-content\/uploads\/2025\/12\/AWASI-SANTA-CATARINA-145.jpg 1080w, https:\/\/awasi.com\/wp-content\/uploads\/2025\/12\/AWASI-SANTA-CATARINA-145-200x300.jpg 200w, https:\/\/awasi.com\/wp-content\/uploads\/2025\/12\/AWASI-SANTA-CATARINA-145-683x1024.jpg 683w, https:\/\/awasi.com\/wp-content\/uploads\/2025\/12\/AWASI-SANTA-CATARINA-145-768x1152.jpg 768w, https:\/\/awasi.com\/wp-content\/uploads\/2025\/12\/AWASI-SANTA-CATARINA-145-1024x1536.jpg 1024w\" sizes=\"auto, (max-width: 1080px) 100vw, 1080px\" \/>\t\t\t<\/div>\n\t\t\t\t\t\t<\/div>\n\t<\/div>\n<\/section>\n\n\n\n<section class=\"awa-text-image awa-text-image--has-50-50-width-disposition awa-text-image--layout-media awa-text-image--has-end-vertical-align awa-text-image--has-default-heading-size awa-text-image--has-primary-media-on-right awa-text-image--has-secondary-media-on-bottom-left awa-text-image--has-default-display-mode align wp-block-awa-text-image has-background has-atacama-background-color\" id=\"block_ceca8ed3e96470cf4c3dcdcab86d893b\">\n\t<div class=\"awa-text-image__inner\">\n\t\t<div class=\"awa-text-image__content\">\n\t\t\t<div class=\"awa-text-image__content-text\">\n\t\t\t\t\n\t\t\t\t\t\t\t\t<h2 class=\"awa-text-image__heading\">\n\t\t\t\t\tSavor every bit of Brazilian flavours\t\t\t\t<\/h2>\n\t\t\t\t\n\n\t\t\t\t\n\t\t\t\t\t\t\t\t<div class=\"awa-text-image__text is-text\">\n\t\t\t\t\t<div class=\"journey journey-atacama\">\n<div class=\"journey-content\">\n<div class=\"journey journey-iguazu\">\n<div class=\"journey-content\">\n<div class=\"journey journey-santa-catarina\">\n<div class=\"journey-content\">\n<p class=\"journey-description\">Our fine dining options cater to every taste and occasion. Explore dining events that range from beachside dinners to meals at scenic spots. Each offers a fresh approach to enjoying the local flavors and settings.<\/p>\n<\/div>\n<\/div>\n<\/div>\n<\/div>\n<\/div>\n<\/div>\n\t\t\t\t<\/div>\n\t\t\t\t\t\n\t\t\t\t\n\t\t\t\t\n\t\t\t\t\t\t\t<\/div>\n\n\t\t\t\n\t\t<\/div>\n\t\t\t\t<div class=\"awa-text-image__media awa-text-image__media--primary\">\n\t\t\t\t\t\t<img loading=\"lazy\" decoding=\"async\" width=\"1620\" height=\"1080\" src=\"https:\/\/awasi.com\/wp-content\/uploads\/2025\/12\/PDG_GASTRONOMIA-2-1.jpg\" class=\"awa-text-image__image awa-text-image__image--primary\" alt=\"Gourmet breakfast spread with smoked salmon eggs Benedict, fresh bread rolls, orange juice, and coffee on a rustic table.\" srcset=\"https:\/\/awasi.com\/wp-content\/uploads\/2025\/12\/PDG_GASTRONOMIA-2-1.jpg 1620w, https:\/\/awasi.com\/wp-content\/uploads\/2025\/12\/PDG_GASTRONOMIA-2-1-300x200.jpg 300w, https:\/\/awasi.com\/wp-content\/uploads\/2025\/12\/PDG_GASTRONOMIA-2-1-1024x683.jpg 1024w, https:\/\/awasi.com\/wp-content\/uploads\/2025\/12\/PDG_GASTRONOMIA-2-1-768x512.jpg 768w, https:\/\/awasi.com\/wp-content\/uploads\/2025\/12\/PDG_GASTRONOMIA-2-1-1536x1024.jpg 1536w\" sizes=\"auto, (max-width: 1620px) 100vw, 1620px\" \/>\t\t<\/div>\n\t\t\t<\/div>\n<\/section>\n\n\n\t<\/div>\n<\/div>\n","protected":false},"excerpt":{"rendered":"","protected":false},"author":1,"featured_media":0,"parent":0,"menu_order":0,"comment_status":"closed","ping_status":"closed","template":"","meta":{"_acf_changed":false,"inline_featured_image":false,"footnotes":""},"class_list":["post-695","page","type-page","status-publish","hentry"],"acf":[],"_links":{"self":[{"href":"https:\/\/awasi.com\/santa-catarina\/wp-json\/wp\/v2\/pages\/695","targetHints":{"allow":["GET"]}}],"collection":[{"href":"https:\/\/awasi.com\/santa-catarina\/wp-json\/wp\/v2\/pages"}],"about":[{"href":"https:\/\/awasi.com\/santa-catarina\/wp-json\/wp\/v2\/types\/page"}],"author":[{"embeddable":true,"href":"https:\/\/awasi.com\/santa-catarina\/wp-json\/wp\/v2\/users\/1"}],"replies":[{"embeddable":true,"href":"https:\/\/awasi.com\/santa-catarina\/wp-json\/wp\/v2\/comments?post=695"}],"version-history":[{"count":6,"href":"https:\/\/awasi.com\/santa-catarina\/wp-json\/wp\/v2\/pages\/695\/revisions"}],"predecessor-version":[{"id":1926,"href":"https:\/\/awasi.com\/santa-catarina\/wp-json\/wp\/v2\/pages\/695\/revisions\/1926"}],"wp:attachment":[{"href":"https:\/\/awasi.com\/santa-catarina\/wp-json\/wp\/v2\/media?parent=695"}],"curies":[{"name":"wp","href":"https:\/\/api.w.org\/{rel}","templated":true}]}}